{"id":122,"date":"2025-07-14T07:57:37","date_gmt":"2025-07-14T07:57:37","guid":{"rendered":"http:\/\/www.mirsugayrimenkul.com\/index.php\/about\/"},"modified":"2025-08-03T10:56:35","modified_gmt":"2025-08-03T10:56:35","slug":"hakkimizda","status":"publish","type":"page","link":"https:\/\/www.mirsugayrimenkul.com\/index.php\/hakkimizda\/","title":{"rendered":"Hakk\u0131m\u0131zda"},"content":{"rendered":"\t\t<div data-elementor-type=\"wp-post\" data-elementor-id=\"122\" class=\"elementor elementor-122\" data-elementor-post-type=\"page\">\n\t\t\t\t<div class=\"aux-parallax-section elementor-element elementor-element-de3fdc8 e-flex e-con-boxed e-con e-parent\" data-id=\"de3fdc8\" data-element_type=\"container\" data-e-type=\"container\">\n\t\t\t\t\t<div class=\"e-con-inner\">\n\t\t<div class=\"elementor-element elementor-element-bbb2e41 e-con-full e-flex e-con e-child\" data-id=\"bbb2e41\" data-element_type=\"container\" data-e-type=\"container\">\n\t\t\t\t<div class=\"elementor-element elementor-element-b4217ba aux-appear-watch-animation aux-fade-in-up elementor-widget elementor-widget-aux_modern_heading\" data-id=\"b4217ba\" data-element_type=\"widget\" data-e-type=\"widget\" data-widget_type=\"aux_modern_heading.default\">\n\t\t\t\t<div class=\"elementor-widget-container\">\n\t\t\t\t\t<section class=\"aux-widget-modern-heading\">\n            <div class=\"aux-widget-inner\"><div class=\"aux-modern-heading-divider\"><\/div><h6 class=\"aux-modern-heading-primary\">Fethiye Mirsu Gayrimenkul<\/h6><h6 class=\"aux-modern-heading-secondary\"><span class=\"aux-head-before\">Fethiye Mirsu Gayrimenkul <\/span><\/h6><div class=\"aux-modern-heading-description\"><p>G\u00fcven, \u015eeffafl\u0131k, M\u00fc\u015fteri Memnuniyeti, Yerel Piyasa Uzmanl\u0131\u011f\u0131<\/p><\/div><\/div>\n        <\/section>\t\t\t\t<\/div>\n\t\t\t\t<\/div>\n\t\t\t\t<div class=\"elementor-element elementor-element-2011c05 aux-appear-watch-animation aux-fade-in-up elementor-widget elementor-widget-text-editor\" data-id=\"2011c05\" data-element_type=\"widget\" data-e-type=\"widget\" data-widget_type=\"text-editor.default\">\n\t\t\t\t<div class=\"elementor-widget-container\">\n\t\t\t\t\t\t\t\t\t<p>Profesyonel bir \u015fekilde emlak Fethiye<\/p>\t\t\t\t\t\t\t\t<\/div>\n\t\t\t\t<\/div>\n\t\t\t\t<div class=\"elementor-element elementor-element-822611d aux-appear-watch-animation aux-fade-in-up elementor-widget elementor-widget-aux_icon_list\" data-id=\"822611d\" data-element_type=\"widget\" data-e-type=\"widget\" data-widget_type=\"aux_icon_list.default\">\n\t\t\t\t<div class=\"elementor-widget-container\">\n\t\t\t\t\t<section class=\"widget-container aux-widget-icon-list aux-parent-au4784bd65\"><div class=\"widget-inner\"><div class=\"aux-widget-icon-list-inner\"><ul class=\"aux-icon-list-items aux-direction-horizontal\"><li class=\"aux-icon-list-item aux-list-item-has-connector aux-list-item-has-icon aux-icon-list-item-904d22b elementor-repeater-item-904d22b\"><a class=\"aux-icon-list-link\" href=\"#\"><span class=\"aux-icon-list-icon auxicon-check-1\"><\/span><span class=\"aux-icon-list-text\">ARSA<\/span><span class=\"aux-list-connector\"><\/span><\/a><\/li><li class=\"aux-icon-list-item aux-list-item-has-connector aux-list-item-has-icon aux-icon-list-item-18811d9 elementor-repeater-item-18811d9\"><a class=\"aux-icon-list-link\" href=\"#\"><span class=\"aux-icon-list-icon auxicon-check-1\"><\/span><span class=\"aux-icon-list-text\">DA\u0130RE<\/span><span class=\"aux-list-connector\"><\/span><\/a><\/li><li class=\"aux-icon-list-item aux-list-item-has-connector aux-list-item-has-icon aux-icon-list-item-8e0de2b elementor-repeater-item-8e0de2b\"><a class=\"aux-icon-list-link\" href=\"#\"><span class=\"aux-icon-list-icon auxicon-check-1\"><\/span><span class=\"aux-icon-list-text\">TARLA<\/span><span class=\"aux-list-connector\"><\/span><\/a><\/li><li class=\"aux-icon-list-item aux-list-item-has-connector aux-list-item-has-icon aux-icon-list-item-cd8af95 elementor-repeater-item-cd8af95\"><a class=\"aux-icon-list-link\" href=\"#\"><span class=\"aux-icon-list-icon auxicon-check-1\"><\/span><span class=\"aux-icon-list-text\">EV<\/span><span class=\"aux-list-connector\"><\/span><\/a><\/li><li class=\"aux-icon-list-item aux-list-item-has-connector aux-list-item-has-icon aux-icon-list-item-bb897ba elementor-repeater-item-bb897ba\"><a class=\"aux-icon-list-link\" href=\"#\"><span class=\"aux-icon-list-icon auxicon-check-1\"><\/span><span class=\"aux-icon-list-text\">\u0130N\u015eAAT<\/span><span class=\"aux-list-connector\"><\/span><\/a><\/li><li class=\"aux-icon-list-item aux-list-item-has-connector aux-list-item-has-icon aux-icon-list-item-c29a632 elementor-repeater-item-c29a632\"><a class=\"aux-icon-list-link\" href=\"#\"><span class=\"aux-icon-list-icon auxicon-check-1\"><\/span><span class=\"aux-icon-list-text\">KAT<\/span><span class=\"aux-list-connector\"><\/span><\/a><\/li><\/ul><\/div><\/div><\/section><!-- widget-container -->\t\t\t\t<\/div>\n\t\t\t\t<\/div>\n\t\t\t\t<\/div>\n\t\t<div class=\"elementor-element elementor-element-19dc248 e-con-full e-flex e-con e-child\" data-id=\"19dc248\" data-element_type=\"container\" data-e-type=\"container\">\n\t\t\t\t<div class=\"aux-scroll-anim elementor-element elementor-element-1c7fad0 aux-appear-watch-animation aux-mask-from-top elementor-widget elementor-widget-aux_image\" data-move-in=\"\" data-move-out=\"moveVertical\" data-axis-x=\"200\" data-axis-y=\"40\" data-rotate=\"90\" data-scale=\"1\" data-vp-top=\"0.5\" data-vp-bot=\"0.5\" data-el-top=\"0.2\" data-scroll-animation-off=\"1024\" data-id=\"1c7fad0\" data-element_type=\"widget\" data-e-type=\"widget\" data-widget_type=\"aux_image.default\">\n\t\t\t\t<div class=\"elementor-widget-container\">\n\t\t\t\t\t<section class=\"widget-container aux-widget-image aux-alignnone aux-parent-aud9ef1e7b\">\n    <div class=\"aux-media-hint-frame \">\n        <div class=\"aux-media-image \" >\n        \n            \n\n            \n            <img fetchpriority=\"high\" decoding=\"async\" width=\"370\" height=\"687\" src=\"data:image\/gif;base64,R0lGODlhAQABAIAAAAAAAP\/\/\/yH5BAEAAAAALAAAAAABAAEAAAIBRAA7\" class=\"aux-attachment aux-featured-image aux-attachment-id-61 aux-preload aux-blank\" alt=\"demo-attachment-557-pixasquare-622732-unsplash\" data-ratio=\"0.54\" data-original-w=\"370\" data-src=\"https:\/\/www.mirsugayrimenkul.com\/wp-content\/uploads\/2019\/01\/pixasquare-622732-unsplash.jpg\" \/>            \n                <\/div>\n    <\/div>\n\n<\/section><!-- widget-container -->\t\t\t\t<\/div>\n\t\t\t\t<\/div>\n\t\t\t\t<\/div>\n\t\t<div class=\"elementor-element elementor-element-a001454 e-con-full e-flex e-con e-child\" data-id=\"a001454\" data-element_type=\"container\" data-e-type=\"container\">\n\t\t\t\t<div class=\"aux-scroll-anim elementor-element elementor-element-7a36918 aux-appear-watch-animation aux-mask-from-top elementor-widget elementor-widget-aux_image\" data-move-in=\"\" data-move-out=\"moveVertical\" data-axis-x=\"200\" data-axis-y=\"40\" data-rotate=\"90\" data-scale=\"1\" data-vp-top=\"0.5\" data-vp-bot=\"0.5\" data-el-top=\"0.2\" data-scroll-animation-off=\"1024\" data-id=\"7a36918\" data-element_type=\"widget\" data-e-type=\"widget\" data-widget_type=\"aux_image.default\">\n\t\t\t\t<div class=\"elementor-widget-container\">\n\t\t\t\t\t<section class=\"widget-container aux-widget-image aux-alignnone aux-parent-au915e0d62\">\n    <div class=\"aux-media-hint-frame \">\n        <div class=\"aux-media-image \" >\n        \n            \n\n            \n            <img decoding=\"async\" width=\"370\" height=\"687\" src=\"data:image\/gif;base64,R0lGODlhAQABAIAAAAAAAP\/\/\/yH5BAEAAAAALAAAAAABAAEAAAIBRAA7\" class=\"aux-attachment aux-featured-image aux-attachment-id-60 aux-preload aux-blank\" alt=\"demo-attachment-558-jacek-dylag-680347-unsplash-e1547969684353\" data-ratio=\"0.54\" data-original-w=\"370\" data-src=\"https:\/\/www.mirsugayrimenkul.com\/wp-content\/uploads\/2019\/01\/jacek-dylag-680347-unsplash-e1547969684353.png\" \/>            \n                <\/div>\n    <\/div>\n\n<\/section><!-- widget-container -->\t\t\t\t<\/div>\n\t\t\t\t<\/div>\n\t\t\t\t<\/div>\n\t\t\t\t\t<\/div>\n\t\t\t\t<\/div>\n\t\t<div class=\"aux-parallax-section elementor-element elementor-element-bb4029e e-flex e-con-boxed e-con e-parent\" data-id=\"bb4029e\" data-element_type=\"container\" data-e-type=\"container\" data-settings=\"{&quot;background_background&quot;:&quot;classic&quot;}\">\n\t\t\t\t\t<div class=\"e-con-inner\">\n\t\t<div class=\"elementor-element elementor-element-9fc1b15 e-con-full e-flex e-con e-child\" data-id=\"9fc1b15\" data-element_type=\"container\" data-e-type=\"container\">\n\t\t\t\t<div class=\"aux-parallax-piece elementor-element elementor-element-af356f8 elementor-widget__width-auto elementor-widget elementor-widget-aux_image\" data-parallax-origin=\"middle\" data-parallax-depth=\"0.1\" data-parallax-off=\"1024\" data-id=\"af356f8\" data-element_type=\"widget\" data-e-type=\"widget\" data-widget_type=\"aux_image.default\">\n\t\t\t\t<div class=\"elementor-widget-container\">\n\t\t\t\t\t<section class=\"widget-container aux-widget-image aux-alignnone aux-parent-au8bdd3f0d\">\n    <div class=\"aux-media-hint-frame \">\n        <div class=\"aux-media-image \" >\n        \n            \n\n            \n            <img decoding=\"async\" width=\"768\" height=\"768\" src=\"https:\/\/www.mirsugayrimenkul.com\/wp-content\/uploads\/2019\/01\/Subtraction-1-768x768.png\" class=\"aux-attachment aux-featured-image aux-attachment-id-59\" alt=\"demo-attachment-561-Subtraction-1\" srcset=\"https:\/\/www.mirsugayrimenkul.com\/wp-content\/uploads\/2019\/01\/Subtraction-1-150x150.png 150w,https:\/\/www.mirsugayrimenkul.com\/wp-content\/uploads\/2019\/01\/Subtraction-1-300x300.png 300w,https:\/\/www.mirsugayrimenkul.com\/wp-content\/uploads\/2019\/01\/Subtraction-1-768x768.png 768w,https:\/\/www.mirsugayrimenkul.com\/wp-content\/uploads\/2019\/01\/Subtraction-1-768x768.png 768w\" data-ratio=\"1\" data-original-w=\"845\" sizes=\"(max-width:479px) 480px,(max-width:767px) 768px,(max-width:1023px) 1024px,768px\" \/>            \n                <\/div>\n    <\/div>\n\n<\/section><!-- widget-container -->\t\t\t\t<\/div>\n\t\t\t\t<\/div>\n\t\t\t\t<div class=\"aux-parallax-piece elementor-element elementor-element-8555a1b elementor-widget__width-auto elementor-widget elementor-widget-aux_image\" data-parallax-origin=\"middle\" data-parallax-depth=\"0.15\" data-parallax-off=\"1024\" data-id=\"8555a1b\" data-element_type=\"widget\" data-e-type=\"widget\" data-widget_type=\"aux_image.default\">\n\t\t\t\t<div class=\"elementor-widget-container\">\n\t\t\t\t\t<section class=\"widget-container aux-widget-image aux-alignnone aux-parent-au9bb8ba4e\">\n    <div class=\"aux-media-hint-frame \">\n        <div class=\"aux-media-image \" >\n        \n            \n\n            \n            <img loading=\"lazy\" decoding=\"async\" width=\"600\" height=\"600\" src=\"https:\/\/www.mirsugayrimenkul.com\/wp-content\/uploads\/2019\/01\/Subtraction-1-600x600.png\" class=\"aux-attachment aux-featured-image aux-attachment-id-59\" alt=\"demo-attachment-561-Subtraction-1\" srcset=\"https:\/\/www.mirsugayrimenkul.com\/wp-content\/uploads\/2019\/01\/Subtraction-1-150x150.png 150w,https:\/\/www.mirsugayrimenkul.com\/wp-content\/uploads\/2019\/01\/Subtraction-1-300x300.png 300w,https:\/\/www.mirsugayrimenkul.com\/wp-content\/uploads\/2019\/01\/Subtraction-1-768x768.png 768w,https:\/\/www.mirsugayrimenkul.com\/wp-content\/uploads\/2019\/01\/Subtraction-1-600x600.png 600w\" data-ratio=\"1\" data-original-w=\"845\" sizes=\"(max-width:479px) 480px,(max-width:767px) 768px,(max-width:1023px) 1024px,600px\" \/>            \n                <\/div>\n    <\/div>\n\n<\/section><!-- widget-container -->\t\t\t\t<\/div>\n\t\t\t\t<\/div>\n\t\t\t\t<div class=\"elementor-element elementor-element-f1a33da aux-appear-watch-animation aux-fade-in-up elementor-widget elementor-widget-testimonial\" data-id=\"f1a33da\" data-element_type=\"widget\" data-e-type=\"widget\" data-widget_type=\"testimonial.default\">\n\t\t\t\t<div class=\"elementor-widget-container\">\n\t\t\t\t\t\t\t<div class=\"elementor-testimonial-wrapper\">\n\t\t\t\t\t\t\t<div class=\"elementor-testimonial-content\"><span>,,<\/span>\n\n<\/div>\n\t\t\t\n\t\t\t\t\t\t<div class=\"elementor-testimonial-meta\">\n\t\t\t\t<div class=\"elementor-testimonial-meta-inner\">\n\t\t\t\t\t\n\t\t\t\t\t\t\t\t\t\t<div class=\"elementor-testimonial-details\">\n\t\t\t\t\t\t\t\t\t\t\t\t\t\t<div class=\"elementor-testimonial-name\">Her yeni projeyle yaln\u0131zca binalar y\u00fckselmez; \u015fehrin ruhu da siluetlere yans\u0131r. Biz, ge\u00e7mi\u015fin k\u00f6kleriyle beslenen ama daima gelece\u011fe d\u00f6n\u00fck bak\u0131\u015f\u0131m\u0131zla; ya\u015fam alanlar\u0131n\u0131 yaln\u0131zca teslim etmekle kalmay\u0131p, o alanlarda filizlenecek an\u0131lara da de\u011fer katmay\u0131 hedefliyoruz. Mirsu Gayrimenkul olarak, yar\u0131n\u0131n kent dokusuna ilham olurken, her tu\u011flada insan odakl\u0131 bir gelece\u011fin tohumlar\u0131n\u0131 ekiyoruz.<\/div>\n\t\t\t\t\t\t\t\t\t\t\t\t\t\t\t\t\t\t\t\t\t\t<div class=\"elementor-testimonial-job\">Hasan PEKDA\u011eLI<br><span><\/span><\/div>\n\t\t\t\t\t\t\t\t\t\t\t\t\t<\/div>\n\t\t\t\t\t\t\t\t\t<\/div>\n\t\t\t<\/div>\n\t\t\t\t\t<\/div>\n\t\t\t\t\t\t<\/div>\n\t\t\t\t<\/div>\n\t\t\t\t<\/div>\n\t\t\t\t\t<\/div>\n\t\t\t\t<\/div>\n\t\t\t\t<\/div>\n\t\t","protected":false},"excerpt":{"rendered":"<p>Fethiye Mirsu Gayrimenkul Fethiye Mirsu Gayrimenkul G\u00fcven, \u015eeffafl\u0131k, M\u00fc\u015fteri Memnuniyeti, Yerel Piyasa Uzmanl\u0131\u011f\u0131 Profesyonel bir \u015fekilde emlak Fethiye ARSA DA\u0130RE TARLA EV \u0130N\u015eAAT KAT ,, Her yeni projeyle yaln\u0131zca binalar y\u00fckselmez; \u015fehrin ruhu da siluetlere yans\u0131r. Biz, ge\u00e7mi\u015fin k\u00f6kleriyle beslenen ama daima gelece\u011fe d\u00f6n\u00fck bak\u0131\u015f\u0131m\u0131zla; ya\u015fam alanlar\u0131n\u0131 yaln\u0131zca teslim etmekle kalmay\u0131p, o alanlarda filizlenecek an\u0131lara [&hellip;]<\/p>\n","protected":false},"author":1,"featured_media":0,"parent":0,"menu_order":0,"comment_status":"closed","ping_status":"closed","template":"templates\/page-builder-content.php","meta":{"footnotes":""},"class_list":["post-122","page","type-page","status-publish","hentry"],"yoast_head":"<!-- This site is optimized with the Yoast SEO plugin v27.4 - https:\/\/yoast.com\/product\/yoast-seo-wordpress\/ -->\n<title>Hakk\u0131m\u0131zda - Mirsu Gayrimenkul Fethiye<\/title>\n<meta name=\"robots\" content=\"index, follow, max-snippet:-1, max-image-preview:large, max-video-preview:-1\" \/>\n<link rel=\"canonical\" href=\"https:\/\/www.mirsugayrimenkul.com\/index.php\/hakkimizda\/\" \/>\n<meta property=\"og:locale\" content=\"tr_TR\" \/>\n<meta property=\"og:type\" content=\"article\" \/>\n<meta property=\"og:title\" content=\"Hakk\u0131m\u0131zda - Mirsu Gayrimenkul Fethiye\" \/>\n<meta property=\"og:description\" content=\"Fethiye Mirsu Gayrimenkul Fethiye Mirsu Gayrimenkul G\u00fcven, \u015eeffafl\u0131k, M\u00fc\u015fteri Memnuniyeti, Yerel Piyasa Uzmanl\u0131\u011f\u0131 Profesyonel bir \u015fekilde emlak Fethiye ARSA DA\u0130RE TARLA EV \u0130N\u015eAAT KAT ,, Her yeni projeyle yaln\u0131zca binalar y\u00fckselmez; \u015fehrin ruhu da siluetlere yans\u0131r. Biz, ge\u00e7mi\u015fin k\u00f6kleriyle beslenen ama daima gelece\u011fe d\u00f6n\u00fck bak\u0131\u015f\u0131m\u0131zla; ya\u015fam alanlar\u0131n\u0131 yaln\u0131zca teslim etmekle kalmay\u0131p, o alanlarda filizlenecek an\u0131lara [&hellip;]\" \/>\n<meta property=\"og:url\" content=\"https:\/\/www.mirsugayrimenkul.com\/index.php\/hakkimizda\/\" \/>\n<meta property=\"og:site_name\" content=\"Mirsu Gayrimenkul Fethiye\" \/>\n<meta property=\"article:modified_time\" content=\"2025-08-03T10:56:35+00:00\" \/>\n<meta property=\"og:image\" content=\"https:\/\/www.mirsugayrimenkul.com\/wp-content\/uploads\/2019\/01\/Subtraction-1-768x768.png\" \/>\n<meta name=\"twitter:card\" content=\"summary_large_image\" \/>\n<script type=\"application\/ld+json\" class=\"yoast-schema-graph\">{\"@context\":\"https:\\\/\\\/schema.org\",\"@graph\":[{\"@type\":\"WebPage\",\"@id\":\"https:\\\/\\\/www.mirsugayrimenkul.com\\\/index.php\\\/hakkimizda\\\/\",\"url\":\"https:\\\/\\\/www.mirsugayrimenkul.com\\\/index.php\\\/hakkimizda\\\/\",\"name\":\"Hakk\u0131m\u0131zda - Mirsu Gayrimenkul Fethiye\",\"isPartOf\":{\"@id\":\"https:\\\/\\\/www.mirsugayrimenkul.com\\\/#website\"},\"primaryImageOfPage\":{\"@id\":\"https:\\\/\\\/www.mirsugayrimenkul.com\\\/index.php\\\/hakkimizda\\\/#primaryimage\"},\"image\":{\"@id\":\"https:\\\/\\\/www.mirsugayrimenkul.com\\\/index.php\\\/hakkimizda\\\/#primaryimage\"},\"thumbnailUrl\":\"https:\\\/\\\/www.mirsugayrimenkul.com\\\/wp-content\\\/uploads\\\/2019\\\/01\\\/Subtraction-1-768x768.png\",\"datePublished\":\"2025-07-14T07:57:37+00:00\",\"dateModified\":\"2025-08-03T10:56:35+00:00\",\"breadcrumb\":{\"@id\":\"https:\\\/\\\/www.mirsugayrimenkul.com\\\/index.php\\\/hakkimizda\\\/#breadcrumb\"},\"inLanguage\":\"tr\",\"potentialAction\":[{\"@type\":\"ReadAction\",\"target\":[\"https:\\\/\\\/www.mirsugayrimenkul.com\\\/index.php\\\/hakkimizda\\\/\"]}]},{\"@type\":\"ImageObject\",\"inLanguage\":\"tr\",\"@id\":\"https:\\\/\\\/www.mirsugayrimenkul.com\\\/index.php\\\/hakkimizda\\\/#primaryimage\",\"url\":\"https:\\\/\\\/www.mirsugayrimenkul.com\\\/wp-content\\\/uploads\\\/2019\\\/01\\\/Subtraction-1.png\",\"contentUrl\":\"https:\\\/\\\/www.mirsugayrimenkul.com\\\/wp-content\\\/uploads\\\/2019\\\/01\\\/Subtraction-1.png\",\"width\":845,\"height\":845},{\"@type\":\"BreadcrumbList\",\"@id\":\"https:\\\/\\\/www.mirsugayrimenkul.com\\\/index.php\\\/hakkimizda\\\/#breadcrumb\",\"itemListElement\":[{\"@type\":\"ListItem\",\"position\":1,\"name\":\"Anasayfa\",\"item\":\"https:\\\/\\\/www.mirsugayrimenkul.com\\\/\"},{\"@type\":\"ListItem\",\"position\":2,\"name\":\"Hakk\u0131m\u0131zda\"}]},{\"@type\":\"WebSite\",\"@id\":\"https:\\\/\\\/www.mirsugayrimenkul.com\\\/#website\",\"url\":\"https:\\\/\\\/www.mirsugayrimenkul.com\\\/\",\"name\":\"Fethiye Mirsu Gayrimenkul\",\"description\":\"Mirsu Gayrimenkul Fethiye - Emlak\",\"publisher\":{\"@id\":\"https:\\\/\\\/www.mirsugayrimenkul.com\\\/#organization\"},\"alternateName\":\"Mirsu Gayrimenkul\",\"potentialAction\":[{\"@type\":\"SearchAction\",\"target\":{\"@type\":\"EntryPoint\",\"urlTemplate\":\"https:\\\/\\\/www.mirsugayrimenkul.com\\\/?s={search_term_string}\"},\"query-input\":{\"@type\":\"PropertyValueSpecification\",\"valueRequired\":true,\"valueName\":\"search_term_string\"}}],\"inLanguage\":\"tr\"},{\"@type\":\"Organization\",\"@id\":\"https:\\\/\\\/www.mirsugayrimenkul.com\\\/#organization\",\"name\":\"Mirsu Gayrimenkul\",\"alternateName\":\"Fethiye Mirsu Gayrimenkul\",\"url\":\"https:\\\/\\\/www.mirsugayrimenkul.com\\\/\",\"logo\":{\"@type\":\"ImageObject\",\"inLanguage\":\"tr\",\"@id\":\"https:\\\/\\\/www.mirsugayrimenkul.com\\\/#\\\/schema\\\/logo\\\/image\\\/\",\"url\":\"https:\\\/\\\/www.mirsugayrimenkul.com\\\/wp-content\\\/uploads\\\/2020\\\/03\\\/Adsiz-tasarim.png\",\"contentUrl\":\"https:\\\/\\\/www.mirsugayrimenkul.com\\\/wp-content\\\/uploads\\\/2020\\\/03\\\/Adsiz-tasarim.png\",\"width\":350,\"height\":100,\"caption\":\"Mirsu Gayrimenkul\"},\"image\":{\"@id\":\"https:\\\/\\\/www.mirsugayrimenkul.com\\\/#\\\/schema\\\/logo\\\/image\\\/\"}}]}<\/script>\n<!-- \/ Yoast SEO plugin. -->","yoast_head_json":{"title":"Hakk\u0131m\u0131zda - Mirsu Gayrimenkul Fethiye","robots":{"index":"index","follow":"follow","max-snippet":"max-snippet:-1","max-image-preview":"max-image-preview:large","max-video-preview":"max-video-preview:-1"},"canonical":"https:\/\/www.mirsugayrimenkul.com\/index.php\/hakkimizda\/","og_locale":"tr_TR","og_type":"article","og_title":"Hakk\u0131m\u0131zda - Mirsu Gayrimenkul Fethiye","og_description":"Fethiye Mirsu Gayrimenkul Fethiye Mirsu Gayrimenkul G\u00fcven, \u015eeffafl\u0131k, M\u00fc\u015fteri Memnuniyeti, Yerel Piyasa Uzmanl\u0131\u011f\u0131 Profesyonel bir \u015fekilde emlak Fethiye ARSA DA\u0130RE TARLA EV \u0130N\u015eAAT KAT ,, Her yeni projeyle yaln\u0131zca binalar y\u00fckselmez; \u015fehrin ruhu da siluetlere yans\u0131r. Biz, ge\u00e7mi\u015fin k\u00f6kleriyle beslenen ama daima gelece\u011fe d\u00f6n\u00fck bak\u0131\u015f\u0131m\u0131zla; ya\u015fam alanlar\u0131n\u0131 yaln\u0131zca teslim etmekle kalmay\u0131p, o alanlarda filizlenecek an\u0131lara [&hellip;]","og_url":"https:\/\/www.mirsugayrimenkul.com\/index.php\/hakkimizda\/","og_site_name":"Mirsu Gayrimenkul Fethiye","article_modified_time":"2025-08-03T10:56:35+00:00","og_image":[{"url":"https:\/\/www.mirsugayrimenkul.com\/wp-content\/uploads\/2019\/01\/Subtraction-1-768x768.png","type":"","width":"","height":""}],"twitter_card":"summary_large_image","schema":{"@context":"https:\/\/schema.org","@graph":[{"@type":"WebPage","@id":"https:\/\/www.mirsugayrimenkul.com\/index.php\/hakkimizda\/","url":"https:\/\/www.mirsugayrimenkul.com\/index.php\/hakkimizda\/","name":"Hakk\u0131m\u0131zda - Mirsu Gayrimenkul Fethiye","isPartOf":{"@id":"https:\/\/www.mirsugayrimenkul.com\/#website"},"primaryImageOfPage":{"@id":"https:\/\/www.mirsugayrimenkul.com\/index.php\/hakkimizda\/#primaryimage"},"image":{"@id":"https:\/\/www.mirsugayrimenkul.com\/index.php\/hakkimizda\/#primaryimage"},"thumbnailUrl":"https:\/\/www.mirsugayrimenkul.com\/wp-content\/uploads\/2019\/01\/Subtraction-1-768x768.png","datePublished":"2025-07-14T07:57:37+00:00","dateModified":"2025-08-03T10:56:35+00:00","breadcrumb":{"@id":"https:\/\/www.mirsugayrimenkul.com\/index.php\/hakkimizda\/#breadcrumb"},"inLanguage":"tr","potentialAction":[{"@type":"ReadAction","target":["https:\/\/www.mirsugayrimenkul.com\/index.php\/hakkimizda\/"]}]},{"@type":"ImageObject","inLanguage":"tr","@id":"https:\/\/www.mirsugayrimenkul.com\/index.php\/hakkimizda\/#primaryimage","url":"https:\/\/www.mirsugayrimenkul.com\/wp-content\/uploads\/2019\/01\/Subtraction-1.png","contentUrl":"https:\/\/www.mirsugayrimenkul.com\/wp-content\/uploads\/2019\/01\/Subtraction-1.png","width":845,"height":845},{"@type":"BreadcrumbList","@id":"https:\/\/www.mirsugayrimenkul.com\/index.php\/hakkimizda\/#breadcrumb","itemListElement":[{"@type":"ListItem","position":1,"name":"Anasayfa","item":"https:\/\/www.mirsugayrimenkul.com\/"},{"@type":"ListItem","position":2,"name":"Hakk\u0131m\u0131zda"}]},{"@type":"WebSite","@id":"https:\/\/www.mirsugayrimenkul.com\/#website","url":"https:\/\/www.mirsugayrimenkul.com\/","name":"Fethiye Mirsu Gayrimenkul","description":"Mirsu Gayrimenkul Fethiye - Emlak","publisher":{"@id":"https:\/\/www.mirsugayrimenkul.com\/#organization"},"alternateName":"Mirsu Gayrimenkul","potentialAction":[{"@type":"SearchAction","target":{"@type":"EntryPoint","urlTemplate":"https:\/\/www.mirsugayrimenkul.com\/?s={search_term_string}"},"query-input":{"@type":"PropertyValueSpecification","valueRequired":true,"valueName":"search_term_string"}}],"inLanguage":"tr"},{"@type":"Organization","@id":"https:\/\/www.mirsugayrimenkul.com\/#organization","name":"Mirsu Gayrimenkul","alternateName":"Fethiye Mirsu Gayrimenkul","url":"https:\/\/www.mirsugayrimenkul.com\/","logo":{"@type":"ImageObject","inLanguage":"tr","@id":"https:\/\/www.mirsugayrimenkul.com\/#\/schema\/logo\/image\/","url":"https:\/\/www.mirsugayrimenkul.com\/wp-content\/uploads\/2020\/03\/Adsiz-tasarim.png","contentUrl":"https:\/\/www.mirsugayrimenkul.com\/wp-content\/uploads\/2020\/03\/Adsiz-tasarim.png","width":350,"height":100,"caption":"Mirsu Gayrimenkul"},"image":{"@id":"https:\/\/www.mirsugayrimenkul.com\/#\/schema\/logo\/image\/"}}]}},"_links":{"self":[{"href":"https:\/\/www.mirsugayrimenkul.com\/index.php\/wp-json\/wp\/v2\/pages\/122","targetHints":{"allow":["GET"]}}],"collection":[{"href":"https:\/\/www.mirsugayrimenkul.com\/index.php\/wp-json\/wp\/v2\/pages"}],"about":[{"href":"https:\/\/www.mirsugayrimenkul.com\/index.php\/wp-json\/wp\/v2\/types\/page"}],"author":[{"embeddable":true,"href":"https:\/\/www.mirsugayrimenkul.com\/index.php\/wp-json\/wp\/v2\/users\/1"}],"replies":[{"embeddable":true,"href":"https:\/\/www.mirsugayrimenkul.com\/index.php\/wp-json\/wp\/v2\/comments?post=122"}],"version-history":[{"count":19,"href":"https:\/\/www.mirsugayrimenkul.com\/index.php\/wp-json\/wp\/v2\/pages\/122\/revisions"}],"predecessor-version":[{"id":375,"href":"https:\/\/www.mirsugayrimenkul.com\/index.php\/wp-json\/wp\/v2\/pages\/122\/revisions\/375"}],"wp:attachment":[{"href":"https:\/\/www.mirsugayrimenkul.com\/index.php\/wp-json\/wp\/v2\/media?parent=122"}],"curies":[{"name":"wp","href":"https:\/\/api.w.org\/{rel}","templated":true}]}}