{"id":119,"date":"2025-07-14T07:58:29","date_gmt":"2025-07-14T07:58:29","guid":{"rendered":"http:\/\/www.mirsugayrimenkul.com\/index.php\/contact\/"},"modified":"2025-09-03T17:08:12","modified_gmt":"2025-09-03T17:08:12","slug":"iletisim","status":"publish","type":"page","link":"https:\/\/www.mirsugayrimenkul.com\/index.php\/iletisim\/","title":{"rendered":"\u0130leti\u015fim"},"content":{"rendered":"\t\t<div data-elementor-type=\"wp-post\" data-elementor-id=\"119\" class=\"elementor elementor-119\" data-elementor-post-type=\"page\">\n\t\t\t\t<div class=\"aux-parallax-section elementor-element elementor-element-ecd793c e-con-full e-flex e-con e-parent\" data-id=\"ecd793c\" data-element_type=\"container\" data-e-type=\"container\">\n\t\t<div class=\"elementor-element elementor-element-b89b66e e-con-full e-flex e-con e-child\" data-id=\"b89b66e\" data-element_type=\"container\" data-e-type=\"container\">\n\t\t\t\t<div class=\"elementor-element elementor-element-139a068 aux-appear-watch-animation aux-fade-in-up elementor-widget elementor-widget-aux_modern_heading\" data-id=\"139a068\" data-element_type=\"widget\" data-e-type=\"widget\" data-widget_type=\"aux_modern_heading.default\">\n\t\t\t\t<div class=\"elementor-widget-container\">\n\t\t\t\t\t<section class=\"aux-widget-modern-heading\">\n            <div class=\"aux-widget-inner\"><div class=\"aux-modern-heading-divider\"><\/div><h2 class=\"aux-modern-heading-primary\">\u0130leti\u015fim<\/h2><h3 class=\"aux-modern-heading-secondary\"><span class=\"aux-head-before\">Formu Doldur<\/span><\/h3><div class=\"aux-modern-heading-description\"><p>H\u0131zl\u0131ca ileti\u015fime ge\u00e7mek i\u00e7in a\u015fa\u011f\u0131daki formu do\u011fru bir \u015fekilde doldurmal\u0131s\u0131n\u0131z.<\/p><\/div><\/div>\n        <\/section>\t\t\t\t<\/div>\n\t\t\t\t<\/div>\n\t\t\t\t<div class=\"elementor-element elementor-element-fdce22a aux-appear-watch-animation aux-fade-in-up elementor-widget elementor-widget-aux_contact_form\" data-id=\"fdce22a\" data-element_type=\"widget\" data-e-type=\"widget\" data-widget_type=\"aux_contact_form.default\">\n\t\t\t\t<div class=\"elementor-widget-container\">\n\t\t\t\t\t<section class=\"widget-container aux-widget-contact-form aux-parent-au2f0042bf\">            <div class=\"aux-col-wrapper aux-no-gutter\">\n            <!-- @TODO - The output for element here -->\n\n            \n<div class=\"wpcf7 no-js\" id=\"wpcf7-f105-o1\" lang=\"en-US\" dir=\"ltr\" data-wpcf7-id=\"105\">\n<div class=\"screen-reader-response\"><p role=\"status\" aria-live=\"polite\" aria-atomic=\"true\"><\/p> <ul><\/ul><\/div>\n<form action=\"\/index.php\/wp-json\/wp\/v2\/pages\/119#wpcf7-f105-o1\" method=\"post\" class=\"wpcf7-form init\" aria-label=\"Contact form\" novalidate=\"novalidate\" data-status=\"init\">\n<fieldset class=\"hidden-fields-container\"><input type=\"hidden\" name=\"_wpcf7\" value=\"105\" \/><input type=\"hidden\" name=\"_wpcf7_version\" value=\"6.1.5\" \/><input type=\"hidden\" name=\"_wpcf7_locale\" value=\"en_US\" \/><input type=\"hidden\" name=\"_wpcf7_unit_tag\" value=\"wpcf7-f105-o1\" \/><input type=\"hidden\" name=\"_wpcf7_container_post\" value=\"0\" \/><input type=\"hidden\" name=\"_wpcf7_posted_data_hash\" value=\"\" \/>\n<\/fieldset>\n<span class=\"wpcf7-form-control-wrap\" data-name=\"Name-789\"><input size=\"40\" maxlength=\"400\" class=\"wpcf7-form-control wpcf7-text\" aria-invalid=\"false\" placeholder=\"Ad\u0131n\u0131z\" value=\"\" type=\"text\" name=\"Name-789\" \/><\/span>\n<span class=\"wpcf7-form-control-wrap\" data-name=\"E-mail-768\"><input size=\"40\" maxlength=\"400\" class=\"wpcf7-form-control wpcf7-email wpcf7-text wpcf7-validates-as-email\" aria-invalid=\"false\" placeholder=\"E-mail\" value=\"\" type=\"email\" name=\"E-mail-768\" \/><\/span>\n<span class=\"wpcf7-form-control-wrap\" data-name=\"Subject-789\"><input size=\"40\" maxlength=\"400\" class=\"wpcf7-form-control wpcf7-text\" aria-invalid=\"false\" placeholder=\"Konu\" value=\"\" type=\"text\" name=\"Subject-789\" \/><\/span>\n<span class=\"wpcf7-form-control-wrap\" data-name=\"Message-14\"><textarea cols=\"40\" rows=\"10\" maxlength=\"2000\" class=\"wpcf7-form-control wpcf7-textarea\" aria-invalid=\"false\" placeholder=\"Mesaj\u0131n\u0131z\" name=\"Message-14\"><\/textarea><\/span>\n<input class=\"wpcf7-form-control wpcf7-submit has-spinner Sumbit\" id=\"Sumbit\" type=\"submit\" value=\"G\u00f6nder\" \/><div class=\"wpcf7-response-output\" aria-hidden=\"true\"><\/div>\n<\/form>\n<\/div>\n\n\n            <\/div><!-- aux-col-wrapper -->\n    <\/section><!-- widget-container -->\t\t\t\t<\/div>\n\t\t\t\t<\/div>\n\t\t\t\t<\/div>\n\t\t<div class=\"elementor-element elementor-element-bb22aec e-con-full e-flex e-con e-child\" data-id=\"bb22aec\" data-element_type=\"container\" data-e-type=\"container\">\n\t\t<div class=\"elementor-element elementor-element-7c08b48 e-con-full e-flex e-con e-child\" data-id=\"7c08b48\" data-element_type=\"container\" data-e-type=\"container\">\n\t\t<div class=\"elementor-element elementor-element-3647a39 aux-appear-watch-animation aux-fade-in-right e-con-full e-flex e-con e-child\" data-id=\"3647a39\" data-element_type=\"container\" data-e-type=\"container\" data-settings=\"{&quot;background_background&quot;:&quot;classic&quot;}\">\n\t\t\t\t<div class=\"elementor-element elementor-element-0b70a48 elementor-widget elementor-widget-aux_modern_heading\" data-id=\"0b70a48\" data-element_type=\"widget\" data-e-type=\"widget\" data-widget_type=\"aux_modern_heading.default\">\n\t\t\t\t<div class=\"elementor-widget-container\">\n\t\t\t\t\t<section class=\"aux-widget-modern-heading\">\n            <div class=\"aux-widget-inner\"><h6 class=\"aux-modern-heading-primary\">Adres:<\/h6><h3 class=\"aux-modern-heading-secondary\"><span class=\"aux-head-before\">Ay Tur, Tuzla, Mustafa Kara\u00f6ren Cd \u0130mren \u0130\u015f Merkezi No: 56\/105, 48300 Fethiye\/Mu\u011fla<\/span><\/h3><\/div>\n        <\/section>\t\t\t\t<\/div>\n\t\t\t\t<\/div>\n\t\t\t\t<div class=\"elementor-element elementor-element-1343f85 elementor-view-default elementor-widget elementor-widget-aux_icon\" data-id=\"1343f85\" data-element_type=\"widget\" data-e-type=\"widget\" data-widget_type=\"aux_icon.default\">\n\t\t\t\t<div class=\"elementor-widget-container\">\n\t\t\t\t\t        <div class=\"elementor-icon-wrapper\">\n            <div class=\"elementor-icon\"> \n                                    <i class=\"auxicon-location-pin\" aria-hidden=\"true\"><\/i>\n                                <\/div>\n        <\/div>\n        \t\t\t\t<\/div>\n\t\t\t\t<\/div>\n\t\t\t\t<\/div>\n\t\t<div class=\"elementor-element elementor-element-31a6a85 aux-appear-watch-animation aux-fade-in-right e-con-full e-flex e-con e-child\" data-id=\"31a6a85\" data-element_type=\"container\" data-e-type=\"container\" data-settings=\"{&quot;background_background&quot;:&quot;classic&quot;}\">\n\t\t\t\t<div class=\"elementor-element elementor-element-9f68517 elementor-widget elementor-widget-aux_modern_heading\" data-id=\"9f68517\" data-element_type=\"widget\" data-e-type=\"widget\" data-widget_type=\"aux_modern_heading.default\">\n\t\t\t\t<div class=\"elementor-widget-container\">\n\t\t\t\t\t<section class=\"aux-widget-modern-heading\">\n            <div class=\"aux-widget-inner\"><h6 class=\"aux-modern-heading-primary\">\u0130leti\u015fim:<\/h6><h3 class=\"aux-modern-heading-secondary\"><span class=\"aux-head-before\">mirsugayrimenkul@gmail.com +90 532 220 4664<\/span><\/h3><\/div>\n        <\/section>\t\t\t\t<\/div>\n\t\t\t\t<\/div>\n\t\t\t\t<div class=\"elementor-element elementor-element-d7d516f elementor-widget__width-auto elementor-view-default elementor-widget elementor-widget-aux_icon\" data-id=\"d7d516f\" data-element_type=\"widget\" data-e-type=\"widget\" data-widget_type=\"aux_icon.default\">\n\t\t\t\t<div class=\"elementor-widget-container\">\n\t\t\t\t\t        <div class=\"elementor-icon-wrapper\">\n            <div class=\"elementor-icon\"> \n                                    <i class=\"auxicon-mail\" aria-hidden=\"true\"><\/i>\n                                <\/div>\n        <\/div>\n        \t\t\t\t<\/div>\n\t\t\t\t<\/div>\n\t\t\t\t<\/div>\n\t\t<div class=\"elementor-element elementor-element-d3db113 aux-appear-watch-animation aux-fade-in-right e-con-full e-flex e-con e-child\" data-id=\"d3db113\" data-element_type=\"container\" data-e-type=\"container\" data-settings=\"{&quot;background_background&quot;:&quot;classic&quot;}\">\n\t\t\t\t<div class=\"elementor-element elementor-element-2a07105 elementor-widget elementor-widget-aux_modern_heading\" data-id=\"2a07105\" data-element_type=\"widget\" data-e-type=\"widget\" data-widget_type=\"aux_modern_heading.default\">\n\t\t\t\t<div class=\"elementor-widget-container\">\n\t\t\t\t\t<section class=\"aux-widget-modern-heading\">\n            <div class=\"aux-widget-inner\"><h6 class=\"aux-modern-heading-primary\">\u00c7al\u0131\u015fma Saatlerimiz:<\/h6><h3 class=\"aux-modern-heading-secondary\"><span class=\"aux-head-before\">Pazartesi\u2013 Cumartesi 09.00 \u2013 23.00 <\/span><\/h3><\/div>\n        <\/section>\t\t\t\t<\/div>\n\t\t\t\t<\/div>\n\t\t\t\t<div class=\"elementor-element elementor-element-48c85b6 elementor-widget__width-auto elementor-view-default elementor-widget elementor-widget-aux_icon\" data-id=\"48c85b6\" data-element_type=\"widget\" data-e-type=\"widget\" data-widget_type=\"aux_icon.default\">\n\t\t\t\t<div class=\"elementor-widget-container\">\n\t\t\t\t\t        <div class=\"elementor-icon-wrapper\">\n            <div class=\"elementor-icon\"> \n                                    <i class=\"auxicon-stopwatch\" aria-hidden=\"true\"><\/i>\n                                <\/div>\n        <\/div>\n        \t\t\t\t<\/div>\n\t\t\t\t<\/div>\n\t\t\t\t<\/div>\n\t\t\t\t<\/div>\n\t\t\t\t<\/div>\n\t\t\t\t<\/div>\n\t\t\t\t<\/div>\n\t\t","protected":false},"excerpt":{"rendered":"<p>\u0130leti\u015fim Formu Doldur H\u0131zl\u0131ca ileti\u015fime ge\u00e7mek i\u00e7in a\u015fa\u011f\u0131daki formu do\u011fru bir \u015fekilde doldurmal\u0131s\u0131n\u0131z. Adres: Ay Tur, Tuzla, Mustafa Kara\u00f6ren Cd \u0130mren \u0130\u015f Merkezi No: 56\/105, 48300 Fethiye\/Mu\u011fla \u0130leti\u015fim: mirsugayrimenkul@gmail.com +90 532 220 4664 \u00c7al\u0131\u015fma Saatlerimiz: Pazartesi\u2013 Cumartesi 09.00 \u2013 23.00<\/p>\n","protected":false},"author":1,"featured_media":0,"parent":0,"menu_order":0,"comment_status":"closed","ping_status":"closed","template":"templates\/page-builder-content.php","meta":{"footnotes":""},"class_list":["post-119","page","type-page","status-publish","hentry"],"yoast_head":"<!-- This site is optimized with the Yoast SEO plugin v27.4 - https:\/\/yoast.com\/product\/yoast-seo-wordpress\/ -->\n<title>\u0130leti\u015fim - Mirsu Gayrimenkul Fethiye<\/title>\n<meta name=\"robots\" content=\"index, follow, max-snippet:-1, max-image-preview:large, max-video-preview:-1\" \/>\n<link rel=\"canonical\" href=\"https:\/\/www.mirsugayrimenkul.com\/index.php\/iletisim\/\" \/>\n<meta property=\"og:locale\" content=\"tr_TR\" \/>\n<meta property=\"og:type\" content=\"article\" \/>\n<meta property=\"og:title\" content=\"\u0130leti\u015fim - Mirsu Gayrimenkul Fethiye\" \/>\n<meta property=\"og:description\" content=\"\u0130leti\u015fim Formu Doldur H\u0131zl\u0131ca ileti\u015fime ge\u00e7mek i\u00e7in a\u015fa\u011f\u0131daki formu do\u011fru bir \u015fekilde doldurmal\u0131s\u0131n\u0131z. Adres: Ay Tur, Tuzla, Mustafa Kara\u00f6ren Cd \u0130mren \u0130\u015f Merkezi No: 56\/105, 48300 Fethiye\/Mu\u011fla \u0130leti\u015fim: mirsugayrimenkul@gmail.com +90 532 220 4664 \u00c7al\u0131\u015fma Saatlerimiz: Pazartesi\u2013 Cumartesi 09.00 \u2013 23.00\" \/>\n<meta property=\"og:url\" content=\"https:\/\/www.mirsugayrimenkul.com\/index.php\/iletisim\/\" \/>\n<meta property=\"og:site_name\" content=\"Mirsu Gayrimenkul Fethiye\" \/>\n<meta property=\"article:modified_time\" content=\"2025-09-03T17:08:12+00:00\" \/>\n<meta property=\"og:image\" content=\"https:\/\/www.mirsugayrimenkul.com\/wp-content\/uploads\/2025\/07\/WhatsApp-Image-2025-07-02-at-11.47.46.jpeg\" \/>\n\t<meta property=\"og:image:width\" content=\"1512\" \/>\n\t<meta property=\"og:image:height\" content=\"1600\" \/>\n\t<meta property=\"og:image:type\" content=\"image\/jpeg\" \/>\n<meta name=\"twitter:card\" content=\"summary_large_image\" \/>\n<meta name=\"twitter:label1\" content=\"Tahmini okuma s\u00fcresi\" \/>\n\t<meta name=\"twitter:data1\" content=\"1 dakika\" \/>\n<script type=\"application\/ld+json\" class=\"yoast-schema-graph\">{\"@context\":\"https:\\\/\\\/schema.org\",\"@graph\":[{\"@type\":\"WebPage\",\"@id\":\"https:\\\/\\\/www.mirsugayrimenkul.com\\\/index.php\\\/iletisim\\\/\",\"url\":\"https:\\\/\\\/www.mirsugayrimenkul.com\\\/index.php\\\/iletisim\\\/\",\"name\":\"\u0130leti\u015fim - Mirsu Gayrimenkul Fethiye\",\"isPartOf\":{\"@id\":\"https:\\\/\\\/www.mirsugayrimenkul.com\\\/#website\"},\"datePublished\":\"2025-07-14T07:58:29+00:00\",\"dateModified\":\"2025-09-03T17:08:12+00:00\",\"breadcrumb\":{\"@id\":\"https:\\\/\\\/www.mirsugayrimenkul.com\\\/index.php\\\/iletisim\\\/#breadcrumb\"},\"inLanguage\":\"tr\",\"potentialAction\":[{\"@type\":\"ReadAction\",\"target\":[\"https:\\\/\\\/www.mirsugayrimenkul.com\\\/index.php\\\/iletisim\\\/\"]}]},{\"@type\":\"BreadcrumbList\",\"@id\":\"https:\\\/\\\/www.mirsugayrimenkul.com\\\/index.php\\\/iletisim\\\/#breadcrumb\",\"itemListElement\":[{\"@type\":\"ListItem\",\"position\":1,\"name\":\"Anasayfa\",\"item\":\"https:\\\/\\\/www.mirsugayrimenkul.com\\\/\"},{\"@type\":\"ListItem\",\"position\":2,\"name\":\"\u0130leti\u015fim\"}]},{\"@type\":\"WebSite\",\"@id\":\"https:\\\/\\\/www.mirsugayrimenkul.com\\\/#website\",\"url\":\"https:\\\/\\\/www.mirsugayrimenkul.com\\\/\",\"name\":\"Fethiye Mirsu Gayrimenkul\",\"description\":\"Mirsu Gayrimenkul Fethiye - Emlak\",\"publisher\":{\"@id\":\"https:\\\/\\\/www.mirsugayrimenkul.com\\\/#organization\"},\"alternateName\":\"Mirsu Gayrimenkul\",\"potentialAction\":[{\"@type\":\"SearchAction\",\"target\":{\"@type\":\"EntryPoint\",\"urlTemplate\":\"https:\\\/\\\/www.mirsugayrimenkul.com\\\/?s={search_term_string}\"},\"query-input\":{\"@type\":\"PropertyValueSpecification\",\"valueRequired\":true,\"valueName\":\"search_term_string\"}}],\"inLanguage\":\"tr\"},{\"@type\":\"Organization\",\"@id\":\"https:\\\/\\\/www.mirsugayrimenkul.com\\\/#organization\",\"name\":\"Mirsu Gayrimenkul\",\"alternateName\":\"Fethiye Mirsu Gayrimenkul\",\"url\":\"https:\\\/\\\/www.mirsugayrimenkul.com\\\/\",\"logo\":{\"@type\":\"ImageObject\",\"inLanguage\":\"tr\",\"@id\":\"https:\\\/\\\/www.mirsugayrimenkul.com\\\/#\\\/schema\\\/logo\\\/image\\\/\",\"url\":\"https:\\\/\\\/www.mirsugayrimenkul.com\\\/wp-content\\\/uploads\\\/2020\\\/03\\\/Adsiz-tasarim.png\",\"contentUrl\":\"https:\\\/\\\/www.mirsugayrimenkul.com\\\/wp-content\\\/uploads\\\/2020\\\/03\\\/Adsiz-tasarim.png\",\"width\":350,\"height\":100,\"caption\":\"Mirsu Gayrimenkul\"},\"image\":{\"@id\":\"https:\\\/\\\/www.mirsugayrimenkul.com\\\/#\\\/schema\\\/logo\\\/image\\\/\"}}]}<\/script>\n<!-- \/ Yoast SEO plugin. -->","yoast_head_json":{"title":"\u0130leti\u015fim - Mirsu Gayrimenkul Fethiye","robots":{"index":"index","follow":"follow","max-snippet":"max-snippet:-1","max-image-preview":"max-image-preview:large","max-video-preview":"max-video-preview:-1"},"canonical":"https:\/\/www.mirsugayrimenkul.com\/index.php\/iletisim\/","og_locale":"tr_TR","og_type":"article","og_title":"\u0130leti\u015fim - Mirsu Gayrimenkul Fethiye","og_description":"\u0130leti\u015fim Formu Doldur H\u0131zl\u0131ca ileti\u015fime ge\u00e7mek i\u00e7in a\u015fa\u011f\u0131daki formu do\u011fru bir \u015fekilde doldurmal\u0131s\u0131n\u0131z. Adres: Ay Tur, Tuzla, Mustafa Kara\u00f6ren Cd \u0130mren \u0130\u015f Merkezi No: 56\/105, 48300 Fethiye\/Mu\u011fla \u0130leti\u015fim: mirsugayrimenkul@gmail.com +90 532 220 4664 \u00c7al\u0131\u015fma Saatlerimiz: Pazartesi\u2013 Cumartesi 09.00 \u2013 23.00","og_url":"https:\/\/www.mirsugayrimenkul.com\/index.php\/iletisim\/","og_site_name":"Mirsu Gayrimenkul Fethiye","article_modified_time":"2025-09-03T17:08:12+00:00","og_image":[{"width":1512,"height":1600,"url":"https:\/\/www.mirsugayrimenkul.com\/wp-content\/uploads\/2025\/07\/WhatsApp-Image-2025-07-02-at-11.47.46.jpeg","type":"image\/jpeg"}],"twitter_card":"summary_large_image","twitter_misc":{"Tahmini okuma s\u00fcresi":"1 dakika"},"schema":{"@context":"https:\/\/schema.org","@graph":[{"@type":"WebPage","@id":"https:\/\/www.mirsugayrimenkul.com\/index.php\/iletisim\/","url":"https:\/\/www.mirsugayrimenkul.com\/index.php\/iletisim\/","name":"\u0130leti\u015fim - Mirsu Gayrimenkul Fethiye","isPartOf":{"@id":"https:\/\/www.mirsugayrimenkul.com\/#website"},"datePublished":"2025-07-14T07:58:29+00:00","dateModified":"2025-09-03T17:08:12+00:00","breadcrumb":{"@id":"https:\/\/www.mirsugayrimenkul.com\/index.php\/iletisim\/#breadcrumb"},"inLanguage":"tr","potentialAction":[{"@type":"ReadAction","target":["https:\/\/www.mirsugayrimenkul.com\/index.php\/iletisim\/"]}]},{"@type":"BreadcrumbList","@id":"https:\/\/www.mirsugayrimenkul.com\/index.php\/iletisim\/#breadcrumb","itemListElement":[{"@type":"ListItem","position":1,"name":"Anasayfa","item":"https:\/\/www.mirsugayrimenkul.com\/"},{"@type":"ListItem","position":2,"name":"\u0130leti\u015fim"}]},{"@type":"WebSite","@id":"https:\/\/www.mirsugayrimenkul.com\/#website","url":"https:\/\/www.mirsugayrimenkul.com\/","name":"Fethiye Mirsu Gayrimenkul","description":"Mirsu Gayrimenkul Fethiye - Emlak","publisher":{"@id":"https:\/\/www.mirsugayrimenkul.com\/#organization"},"alternateName":"Mirsu Gayrimenkul","potentialAction":[{"@type":"SearchAction","target":{"@type":"EntryPoint","urlTemplate":"https:\/\/www.mirsugayrimenkul.com\/?s={search_term_string}"},"query-input":{"@type":"PropertyValueSpecification","valueRequired":true,"valueName":"search_term_string"}}],"inLanguage":"tr"},{"@type":"Organization","@id":"https:\/\/www.mirsugayrimenkul.com\/#organization","name":"Mirsu Gayrimenkul","alternateName":"Fethiye Mirsu Gayrimenkul","url":"https:\/\/www.mirsugayrimenkul.com\/","logo":{"@type":"ImageObject","inLanguage":"tr","@id":"https:\/\/www.mirsugayrimenkul.com\/#\/schema\/logo\/image\/","url":"https:\/\/www.mirsugayrimenkul.com\/wp-content\/uploads\/2020\/03\/Adsiz-tasarim.png","contentUrl":"https:\/\/www.mirsugayrimenkul.com\/wp-content\/uploads\/2020\/03\/Adsiz-tasarim.png","width":350,"height":100,"caption":"Mirsu Gayrimenkul"},"image":{"@id":"https:\/\/www.mirsugayrimenkul.com\/#\/schema\/logo\/image\/"}}]}},"_links":{"self":[{"href":"https:\/\/www.mirsugayrimenkul.com\/index.php\/wp-json\/wp\/v2\/pages\/119","targetHints":{"allow":["GET"]}}],"collection":[{"href":"https:\/\/www.mirsugayrimenkul.com\/index.php\/wp-json\/wp\/v2\/pages"}],"about":[{"href":"https:\/\/www.mirsugayrimenkul.com\/index.php\/wp-json\/wp\/v2\/types\/page"}],"author":[{"embeddable":true,"href":"https:\/\/www.mirsugayrimenkul.com\/index.php\/wp-json\/wp\/v2\/users\/1"}],"replies":[{"embeddable":true,"href":"https:\/\/www.mirsugayrimenkul.com\/index.php\/wp-json\/wp\/v2\/comments?post=119"}],"version-history":[{"count":16,"href":"https:\/\/www.mirsugayrimenkul.com\/index.php\/wp-json\/wp\/v2\/pages\/119\/revisions"}],"predecessor-version":[{"id":397,"href":"https:\/\/www.mirsugayrimenkul.com\/index.php\/wp-json\/wp\/v2\/pages\/119\/revisions\/397"}],"wp:attachment":[{"href":"https:\/\/www.mirsugayrimenkul.com\/index.php\/wp-json\/wp\/v2\/media?parent=119"}],"curies":[{"name":"wp","href":"https:\/\/api.w.org\/{rel}","templated":true}]}}